{"id":1763,"date":"2024-05-07T14:52:05","date_gmt":"2024-05-07T14:52:05","guid":{"rendered":"https:\/\/reportingfox.de\/?page_id=1763"},"modified":"2024-08-13T09:49:00","modified_gmt":"2024-08-13T09:49:00","slug":"datenschutz","status":"publish","type":"page","link":"https:\/\/reportingfox.com\/en\/datenschutz\/","title":{"rendered":"Datenschutz"},"content":{"rendered":"<div data-elementor-type=\"wp-page\" data-elementor-id=\"1763\" class=\"elementor elementor-1763\">\n\t\t\t\t<div class=\"elementor-element elementor-element-456853f7 e-flex e-con-boxed e-con e-parent\" data-id=\"456853f7\" data-element_type=\"container\" data-e-type=\"container\">\n\t\t\t\t\t<div class=\"e-con-inner\">\n\t\t\t\t<div class=\"elementor-element elementor-element-4d49d9d7 elementor-widget elementor-widget-text-editor\" data-id=\"4d49d9d7\" data-element_type=\"widget\" data-e-type=\"widget\" data-widget_type=\"text-editor.default\">\n\t\t\t\t<div class=\"elementor-widget-container\">\n\t\t\t\t\t\t\t\t\t\n<p>\u00a0<\/p>\n\n<div class=\"wp-block-uagb-container uagb-block-7bf2a7ee alignfull uagb-is-root-container\">\n<div class=\"uagb-container-inner-blocks-wrap\">\n<div class=\"wp-block-uagb-advanced-heading uagb-block-3685130a\">\n<h2 class=\"uagb-heading-text\">Datenschutz<\/h2>\n<\/div>\n\n<p><strong>Datenschutzerkl\u00e4rung<\/strong><\/p>\n\n<p>In dieser Datenschutzerkl\u00e4rung informieren wir Sie \u00fcber die Verarbeitung Ihrer personenbezogenen Daten.<\/p>\n\n<p>Sofern Sie Ihre Datenschutzeinstellungen \u00e4ndern m\u00f6chten (Einwilligungen erteilen oder bereits erteilte Einwilligungen widerrufen), klicken Sie <a href=\"https:\/\/pivotfox.de\/datenschutzvereinbarungen\/#\">hier<\/a> um Ihre Einstellungen zu \u00e4ndern.<\/p>\n\n<p><strong>Verantwortlich<\/strong><\/p>\n\n<p>Marc Schickedanz, pivotfox solutions GmbH, Cuvilli\u00e9sstr. 14, 81679 M\u00fcnchen, Deutschland<br \/><a href=\"mailto:info@pivotfox.de\">info@pivotfox.de<\/a><\/p>\n\n<p><strong>Kontaktformular<\/strong><\/p>\n\n<p>Auf unserer Website besteht die M\u00f6glichkeit, durch ein Kontaktformular direkt mit uns in Kontakt zu treten. Nach Absenden des Kontaktformulars erfolgt eine Verarbeitung der von Ihnen eingegebenen personenbezogenen Daten durch den Verantwortlichen zum Zweck der Bearbeitung Ihrer Anfrage auf Grundlage der von Ihnen durch das Absenden des Formulars erteilten Einwilligung gem. Art. 6 Abs. 1 lit. a DSGVO bis auf Widerruf.<\/p>\n\n<p>Es besteht keine gesetzliche oder vertragliche Verpflichtung zur Bereitstellung der personenbezogenen Daten. Die Nichtbereitstellung hat lediglich zur Folge, dass Sie Ihr Anliegen nicht \u00fcbermitteln und wir dieses nicht bearbeiten k\u00f6nnen.<\/p>\n\n<p><strong>Bewerbungsformular<\/strong><\/p>\n\n<p>Wir bieten Ihnen auf unserer Website die M\u00f6glichkeit, Ihre Bewerbung online einzureichen. Zum Zweck der Bearbeitung Ihrer Bewerbung verarbeiten wir Ihre im Rahmen des Bewerbungsformulars angef\u00fchrten personenbezogenen Daten auf Grundlage eines vorvertraglichen Verh\u00e4ltnisses gem. Art. 6 Abs. 1 lit. b DSGVO bis auf Widerruf bzw. l\u00e4ngstens jedoch f\u00fcr die Dauer von 6 Monaten nach Abschluss des Bewerbungsverfahrens.<\/p>\n\n<p>Sollten Sie eine Evidenzhaltung Ihrer \u00fcbermittelten Unterlagen ausdr\u00fccklich w\u00fcnschen, erfolgt die Aufbewahrung Ihrer Unterlagen f\u00fcr die Dauer von maximal 18 Monaten auf der Rechtsgrundlage Ihrer Einwilligung gem. Art. 6 Abs. 1 lit. a DSGVO.<\/p>\n\n<p>Es besteht keine gesetzliche oder vertragliche Verpflichtung zur Bereitstellung der personenbezogenen Daten. Die Nichtbereitstellung hat lediglich zur Folge, dass wir Ihre Bewerbung nicht bearbeiten k\u00f6nnen.<\/p>\n\n<p>Eine Weitergabe Ihrer Bewerberdaten an Dritte erfolgt nicht.<\/p>\n\n<p><strong>Widerspruchsrecht<\/strong><\/p>\n\n<p>Sofern die Verarbeitung Ihrer personenbezogenen Daten auf Grundlage des berechtigten Interesses erfolgt, haben Sie das Recht gegen diese Verarbeitung zu widersprechen.<\/p>\n\n<p>Sofern keine zwingenden schutzw\u00fcrdigen Gr\u00fcnde f\u00fcr die Verarbeitung unsererseits vorliegen, wird die Verarbeitung Ihrer Daten auf Basis dieser Rechtsgrundlage eingestellt.<\/p>\n\n<p>Zudem haben Sie das Recht, der Verarbeitung Ihrer personenbezogenen Daten zum Zweck der Direktwerbung zu widersprechen. Im Fall des Widerspruchs werden Ihre personenbezogenen Daten nicht mehr zum Zweck der Direktwerbung verarbeitet.<\/p>\n\n<p>Die Rechtm\u00e4\u00dfigkeit der bis zum Widerspruch verarbeiteten Daten wird durch den Widerspruch nicht ber\u00fchrt.<\/p>\n\n<p><strong>Widerrufsrecht<\/strong><\/p>\n\n<p>Sie haben das Recht eine bereits erteilte Einwilligung jederzeit zu widerrufen, indem Sie die <a href=\"https:\/\/pivotfox.de\/datenschutzvereinbarungen\/#\">Datenschutzeinstellungen<\/a> \u00e4ndern.<\/p>\n\n<p>Im Fall der Einwilligung in den Erhalt elektronischer Werbung kann der Widerruf Ihrer Einwilligung durch Klick auf den Abmeldelink erfolgen. In diesem Fall wird eine Verarbeitung, sofern keine andere Rechtsgrundlage besteht, eingestellt.<\/p>\n\n<p>Die Rechtm\u00e4\u00dfigkeit der bis zum Widerruf verarbeiteten Daten wird durch den Widerruf nicht ber\u00fchrt.<\/p>\n\n<p><strong>Betroffenenrechte<\/strong><\/p>\n\n<p>Sie haben zudem das Recht auf Auskunft, Berichtigung, L\u00f6schung und Einschr\u00e4nkung der Verarbeitung der personenbezogenen Daten.<\/p>\n\n<p>Soweit die Rechtsgrundlage der Verarbeitung Ihrer personenbezogenen Daten in Ihrer Einwilligung oder in einem mit Ihnen abgeschlossenen Vertrag besteht, haben Sie \u00fcberdies das Recht auf Daten\u00fcbertragbarkeit.<\/p>\n\n<p>Weiters haben Sie das Recht auf Beschwerde bei der Aufsichtsbeh\u00f6rde. N\u00e4here Informationen zu den Aufsichtsbeh\u00f6rden in der Europ\u00e4ischen Union finden Sie <a href=\"https:\/\/ec.europa.eu\/justice\/article-29\/structure\/data-protection-authorities\/index_en.htm\">hier<\/a>.<\/p>\n<\/div>\n<\/div>\n\t\t\t\t\t\t\t\t<\/div>\n\t\t\t\t<\/div>\n\t\t\t\t\t<\/div>\n\t\t\t\t<\/div>\n\t\t\t\t<\/div>","protected":false},"excerpt":{"rendered":"<p>&nbsp; Datenschutzerkl\u00e4rung In dieser Datenschutzerkl\u00e4rung informieren wir Sie \u00fcber die Verarbeitung Ihrer personenbezogenen Daten. Sofern Sie Ihre Datenschutzeinstellungen \u00e4ndern m\u00f6chten (Einwilligungen erteilen oder bereits erteilte Einwilligungen widerrufen), klicken Sie hier um Ihre Einstellungen zu \u00e4ndern. Verantwortlich Marc Schickedanz, pivotfox solutions GmbH, Cuvilli\u00e9sstr. 14, 81679 M\u00fcnchen, Deutschlandinfo@pivotfox.de Kontaktformular Auf unserer Website besteht die M\u00f6glichkeit, durch ein [&hellip;]<\/p>\n","protected":false},"author":1,"featured_media":0,"parent":0,"menu_order":0,"comment_status":"closed","ping_status":"closed","template":"","meta":{"_uag_custom_page_level_css":"","order-bump-settings":[],"_wpfnl_thankyou_order_overview":"on","_wpfnl_thankyou_order_details":"on","_wpfnl_thankyou_billing_details":"on","_wpfnl_thankyou_shipping_details":"on","site-sidebar-layout":"default","site-content-layout":"","ast-site-content-layout":"default","site-content-style":"default","site-sidebar-style":"default","ast-global-header-display":"","ast-banner-title-visibility":"","ast-main-header-display":"","ast-hfb-above-header-display":"","ast-hfb-below-header-display":"","ast-hfb-mobile-header-display":"","site-post-title":"disabled","ast-breadcrumbs-content":"","ast-featured-img":"","footer-sml-layout":"","ast-disable-related-posts":"","theme-transparent-header-meta":"","adv-header-id-meta":"","stick-header-meta":"","header-above-stick-meta":"","header-main-stick-meta":"","header-below-stick-meta":"","astra-migrate-meta-layouts":"set","ast-page-background-enabled":"default","ast-page-background-meta":{"desktop":{"background-color":"var(--ast-global-color-4)","background-image":"","background-repeat":"repeat","background-position":"center center","background-size":"auto","background-attachment":"scroll","background-type":"","background-media":"","overlay-type":"","overlay-color":"","overlay-opacity":"","overlay-gradient":""},"tablet":{"background-color":"","background-image":"","background-repeat":"repeat","background-position":"center center","background-size":"auto","background-attachment":"scroll","background-type":"","background-media":"","overlay-type":"","overlay-color":"","overlay-opacity":"","overlay-gradient":""},"mobile":{"background-color":"","background-image":"","background-repeat":"repeat","background-position":"center center","background-size":"auto","background-attachment":"scroll","background-type":"","background-media":"","overlay-type":"","overlay-color":"","overlay-opacity":"","overlay-gradient":""}},"ast-content-background-meta":{"desktop":{"background-color":"var(--ast-global-color-5)","background-image":"","background-repeat":"repeat","background-position":"center center","background-size":"auto","background-attachment":"scroll","background-type":"","background-media":"","overlay-type":"","overlay-color":"","overlay-opacity":"","overlay-gradient":""},"tablet":{"background-color":"var(--ast-global-color-5)","background-image":"","background-repeat":"repeat","background-position":"center center","background-size":"auto","background-attachment":"scroll","background-type":"","background-media":"","overlay-type":"","overlay-color":"","overlay-opacity":"","overlay-gradient":""},"mobile":{"background-color":"var(--ast-global-color-5)","background-image":"","background-repeat":"repeat","background-position":"center center","background-size":"auto","background-attachment":"scroll","background-type":"","background-media":"","overlay-type":"","overlay-color":"","overlay-opacity":"","overlay-gradient":""}},"footnotes":""},"class_list":["post-1763","page","type-page","status-publish","hentry"],"yoast_head":"<!-- This site is optimized with the Yoast SEO plugin v23.3 - https:\/\/yoast.com\/wordpress\/plugins\/seo\/ -->\n<title>Datenschutz - ReportingFox<\/title>\n<meta name=\"robots\" content=\"index, follow, max-snippet:-1, max-image-preview:large, max-video-preview:-1\" \/>\n<link rel=\"canonical\" href=\"https:\/\/reportingfox.com\/en\/datenschutz\/\" \/>\n<meta property=\"og:locale\" content=\"en_US\" \/>\n<meta property=\"og:type\" content=\"article\" \/>\n<meta property=\"og:title\" content=\"Datenschutz - ReportingFox\" \/>\n<meta property=\"og:description\" content=\"&nbsp; Datenschutzerkl\u00e4rung In dieser Datenschutzerkl\u00e4rung informieren wir Sie \u00fcber die Verarbeitung Ihrer personenbezogenen Daten. Sofern Sie Ihre Datenschutzeinstellungen \u00e4ndern m\u00f6chten (Einwilligungen erteilen oder bereits erteilte Einwilligungen widerrufen), klicken Sie hier um Ihre Einstellungen zu \u00e4ndern. Verantwortlich Marc Schickedanz, pivotfox solutions GmbH, Cuvilli\u00e9sstr. 14, 81679 M\u00fcnchen, Deutschlandinfo@pivotfox.de Kontaktformular Auf unserer Website besteht die M\u00f6glichkeit, durch ein [&hellip;]\" \/>\n<meta property=\"og:url\" content=\"https:\/\/reportingfox.com\/en\/datenschutz\/\" \/>\n<meta property=\"og:site_name\" content=\"ReportingFox\" \/>\n<meta property=\"article:modified_time\" content=\"2024-08-13T09:49:00+00:00\" \/>\n<meta name=\"twitter:card\" content=\"summary_large_image\" \/>\n<meta name=\"twitter:label1\" content=\"Est. reading time\" \/>\n\t<meta name=\"twitter:data1\" content=\"3 minutes\" \/>\n<script type=\"application\/ld+json\" class=\"yoast-schema-graph\">{\"@context\":\"https:\/\/schema.org\",\"@graph\":[{\"@type\":\"WebPage\",\"@id\":\"https:\/\/reportingfox.com\/datenschutz\/\",\"url\":\"https:\/\/reportingfox.com\/datenschutz\/\",\"name\":\"Datenschutz - ReportingFox\",\"isPartOf\":{\"@id\":\"https:\/\/reportingfox.com\/#website\"},\"datePublished\":\"2024-05-07T14:52:05+00:00\",\"dateModified\":\"2024-08-13T09:49:00+00:00\",\"breadcrumb\":{\"@id\":\"https:\/\/reportingfox.com\/datenschutz\/#breadcrumb\"},\"inLanguage\":\"en-US\",\"potentialAction\":[{\"@type\":\"ReadAction\",\"target\":[\"https:\/\/reportingfox.com\/datenschutz\/\"]}]},{\"@type\":\"BreadcrumbList\",\"@id\":\"https:\/\/reportingfox.com\/datenschutz\/#breadcrumb\",\"itemListElement\":[{\"@type\":\"ListItem\",\"position\":1,\"name\":\"Home\",\"item\":\"https:\/\/reportingfox.com\/\"},{\"@type\":\"ListItem\",\"position\":2,\"name\":\"Datenschutz\"}]},{\"@type\":\"WebSite\",\"@id\":\"https:\/\/reportingfox.com\/#website\",\"url\":\"https:\/\/reportingfox.com\/\",\"name\":\"ReportingFox\",\"description\":\"\",\"potentialAction\":[{\"@type\":\"SearchAction\",\"target\":{\"@type\":\"EntryPoint\",\"urlTemplate\":\"https:\/\/reportingfox.com\/?s={search_term_string}\"},\"query-input\":\"required name=search_term_string\"}],\"inLanguage\":\"en-US\"}]}<\/script>\n<!-- \/ Yoast SEO plugin. -->","yoast_head_json":{"title":"Datenschutz - ReportingFox","robots":{"index":"index","follow":"follow","max-snippet":"max-snippet:-1","max-image-preview":"max-image-preview:large","max-video-preview":"max-video-preview:-1"},"canonical":"https:\/\/reportingfox.com\/en\/datenschutz\/","og_locale":"en_US","og_type":"article","og_title":"Datenschutz - ReportingFox","og_description":"&nbsp; Datenschutzerkl\u00e4rung In dieser Datenschutzerkl\u00e4rung informieren wir Sie \u00fcber die Verarbeitung Ihrer personenbezogenen Daten. Sofern Sie Ihre Datenschutzeinstellungen \u00e4ndern m\u00f6chten (Einwilligungen erteilen oder bereits erteilte Einwilligungen widerrufen), klicken Sie hier um Ihre Einstellungen zu \u00e4ndern. Verantwortlich Marc Schickedanz, pivotfox solutions GmbH, Cuvilli\u00e9sstr. 14, 81679 M\u00fcnchen, Deutschlandinfo@pivotfox.de Kontaktformular Auf unserer Website besteht die M\u00f6glichkeit, durch ein [&hellip;]","og_url":"https:\/\/reportingfox.com\/en\/datenschutz\/","og_site_name":"ReportingFox","article_modified_time":"2024-08-13T09:49:00+00:00","twitter_card":"summary_large_image","twitter_misc":{"Est. reading time":"3 minutes"},"schema":{"@context":"https:\/\/schema.org","@graph":[{"@type":"WebPage","@id":"https:\/\/reportingfox.com\/datenschutz\/","url":"https:\/\/reportingfox.com\/datenschutz\/","name":"Datenschutz - ReportingFox","isPartOf":{"@id":"https:\/\/reportingfox.com\/#website"},"datePublished":"2024-05-07T14:52:05+00:00","dateModified":"2024-08-13T09:49:00+00:00","breadcrumb":{"@id":"https:\/\/reportingfox.com\/datenschutz\/#breadcrumb"},"inLanguage":"en-US","potentialAction":[{"@type":"ReadAction","target":["https:\/\/reportingfox.com\/datenschutz\/"]}]},{"@type":"BreadcrumbList","@id":"https:\/\/reportingfox.com\/datenschutz\/#breadcrumb","itemListElement":[{"@type":"ListItem","position":1,"name":"Home","item":"https:\/\/reportingfox.com\/"},{"@type":"ListItem","position":2,"name":"Datenschutz"}]},{"@type":"WebSite","@id":"https:\/\/reportingfox.com\/#website","url":"https:\/\/reportingfox.com\/","name":"ReportingFox","description":"","potentialAction":[{"@type":"SearchAction","target":{"@type":"EntryPoint","urlTemplate":"https:\/\/reportingfox.com\/?s={search_term_string}"},"query-input":"required name=search_term_string"}],"inLanguage":"en-US"}]}},"uagb_featured_image_src":{"full":false,"thumbnail":false,"medium":false,"medium_large":false,"large":false,"1536x1536":false,"2048x2048":false,"trp-custom-language-flag":false},"uagb_author_info":{"display_name":"pivotfox","author_link":"https:\/\/reportingfox.com\/en\/author\/multisiteadmin\/"},"uagb_comment_info":0,"uagb_excerpt":"&nbsp; Datenschutzerkl\u00e4rung In dieser Datenschutzerkl\u00e4rung informieren wir Sie \u00fcber die Verarbeitung Ihrer personenbezogenen Daten. Sofern Sie Ihre Datenschutzeinstellungen \u00e4ndern m\u00f6chten (Einwilligungen erteilen oder bereits erteilte Einwilligungen widerrufen), klicken Sie hier um Ihre Einstellungen zu \u00e4ndern. Verantwortlich Marc Schickedanz, pivotfox solutions GmbH, Cuvilli\u00e9sstr. 14, 81679 M\u00fcnchen, Deutschlandinfo@pivotfox.de Kontaktformular Auf unserer Website besteht die M\u00f6glichkeit, durch ein&hellip;","_links":{"self":[{"href":"https:\/\/reportingfox.com\/en\/wp-json\/wp\/v2\/pages\/1763","targetHints":{"allow":["GET"]}}],"collection":[{"href":"https:\/\/reportingfox.com\/en\/wp-json\/wp\/v2\/pages"}],"about":[{"href":"https:\/\/reportingfox.com\/en\/wp-json\/wp\/v2\/types\/page"}],"author":[{"embeddable":true,"href":"https:\/\/reportingfox.com\/en\/wp-json\/wp\/v2\/users\/1"}],"replies":[{"embeddable":true,"href":"https:\/\/reportingfox.com\/en\/wp-json\/wp\/v2\/comments?post=1763"}],"version-history":[{"count":7,"href":"https:\/\/reportingfox.com\/en\/wp-json\/wp\/v2\/pages\/1763\/revisions"}],"predecessor-version":[{"id":1829,"href":"https:\/\/reportingfox.com\/en\/wp-json\/wp\/v2\/pages\/1763\/revisions\/1829"}],"wp:attachment":[{"href":"https:\/\/reportingfox.com\/en\/wp-json\/wp\/v2\/media?parent=1763"}],"curies":[{"name":"wp","href":"https:\/\/api.w.org\/{rel}","templated":true}]}}